{"id":7990,"date":"2025-11-12T20:56:29","date_gmt":"2025-11-12T20:56:29","guid":{"rendered":"https:\/\/fasttelekom.com\/?post_type=product&#038;p=7990"},"modified":"2025-11-12T20:56:48","modified_gmt":"2025-11-12T20:56:48","slug":"dahua-8mp-wizsense-2-7-13-5mm-ip67-turret-40m-ir-mic","status":"publish","type":"product","link":"https:\/\/fasttelekom.com\/sv\/produkt\/dahua-8mp-wizsense-2-7-13-5mm-ip67-turret-40m-ir-mic\/","title":{"rendered":"Dahua 8MP WizSense 2.7-13.5mm IP67 Turret 40m IR &amp; mikrofon."},"content":{"rendered":"<div>Med avancerad djupinl\u00e4rningsalgoritm st\u00f6der Dahua WizSense 2-seriens n\u00e4tverkskamera intelligenta funktioner, s\u00e5som perimeterskydd och smart r\u00f6relsedetektering. Med stj\u00e4rnljusteknik ger denna seriekamera en b\u00e4ttre bildeffekt vid l\u00e5g belysning.<\/div>\n<div><\/div>\n<div><strong>Drag:<\/strong><\/div>\n<div>\n<ul>\n<li>8 MP 1\/2,7-tums CMOS-bildsensor, l\u00e5g luminans och h\u00f6guppl\u00f6st bild.<\/li>\n<li>Matar ut max. 8 MP (3840 \u00d7 2160) vid 20 fps och st\u00f6der 2688 \u00d7 1520 (2688 \u00d7 1520) vid 25\/30 fps.<\/li>\n<li>H.265-kodek, h\u00f6g komprimeringshastighet, ultral\u00e5g bithastighet.<\/li>\n<li>Inbyggd IR-LED och maximal belysningsr\u00e4ckvidd \u00e4r 40 m.<\/li>\n<li>ROI, SMART H.264+\/H.265+, flexibel kodning, till\u00e4mplig p\u00e5 olika bandbredds- och lagringsmilj\u00f6er.<\/li>\n<li>Rotationsl\u00e4ge, WDR, 3D NR, HLC, BLC, digital vattenm\u00e4rkning, till\u00e4mplig p\u00e5 olika \u00f6vervakningsscener.<\/li>\n<li>Intelligent \u00f6vervakning: Intr\u00e5ng, snubbeltr\u00e5d (de tv\u00e5 funktionerna st\u00f6der klassificering och noggrann detektering av fordon och m\u00e4nniskor).<\/li>\n<li>Avvikelsedetektering: R\u00f6relsedetektering, videomanipulering, ljuddetektering, inget SD-kort, fullt SD-kort, SD-kortfel, n\u00e4tverksavbrott, IP-konflikt, olaglig \u00e5tkomst och sp\u00e4nningsdetektering.<\/li>\n<li>St\u00f6der max. 256 G Micro SD-kort; inbyggd mikrofon.<\/li>\n<li>12 VDC\/PoE str\u00f6mf\u00f6rs\u00f6rjning, enkel att installera.<\/li>\n<li>IP67-skydd.<\/li>\n<li>SMD Plus<\/li>\n<\/ul>\n<\/div>\n<div><\/div>\n<div><strong>SMD Plus<\/strong><\/div>\n<p>Med intelligent algoritm kan Dahua Smart Motion Detection-teknik kategorisera de m\u00e5l som utl\u00f6ser r\u00f6relsedetektering och filtrera r\u00f6relsedetekteringslarm som utl\u00f6ses av ober\u00f6rda m\u00e5l f\u00f6r att realisera effektiva och korrekta larm.<\/p>\n<div><\/div>\n<div><\/div>\n<div><strong>Smart H.265+ och Smart H.264+<\/strong><br \/>\nMed avancerad scenanpassad hastighetskontrollalgoritm uppn\u00e5r Dahuas smarta kodningsteknik h\u00f6gre kodningseffektivitet \u00e4n H.265 och H.264, ger h\u00f6gkvalitativ video och minskar kostnaden f\u00f6r lagring och \u00f6verf\u00f6ring.<\/div>\n<div><\/div>\n<div><\/div>\n<div><strong>Perimeterskydd<\/strong><br \/>\nMed djupinl\u00e4rningsalgoritm kan Dahua Perimeter Protection-tekniken identifiera m\u00e4nniskor och fordon exakt. I begr\u00e4nsade omr\u00e5den (som fotg\u00e4ngaromr\u00e5den och fordonsomr\u00e5den) minskas falsklarm fr\u00e5n intelligent detektering baserad p\u00e5 m\u00e5ltyp (som snubbeltr\u00e5d, intr\u00e5ng) i h\u00f6g grad.<\/div>\n<div><\/div>\n<div><\/div>\n<div><strong>Cybers\u00e4kerhet<\/strong><br \/>\nDahuas n\u00e4tverkskameror anv\u00e4nder en rad s\u00e4kerhetstekniker, inklusive s\u00e4kerhetsautentisering och auktorisering, \u00e5tkomstkontrollprotokoll, betrodd skydd, krypterad \u00f6verf\u00f6ring och krypterad lagring. Dessa tekniker f\u00f6rb\u00e4ttrar kamerans f\u00f6rsvar mot externa cyberhot och f\u00f6rhindrar att skadliga program komprometterar enheten.<\/div>","protected":false},"excerpt":{"rendered":"<p>With advanced deep learning algorithm, Dahua WizSense 2 Series network camera supports intelligent functions, such as perimeter protection and smart motion detection. With starlight technology, this series camera provides a better image effect in the condition of low illuminanc Features: 8-MP 1\/2.7&#8243; CMOS image sensor, low luminance, and high definition\u00a0image. Outputs max. 8 MP (3840 [&hellip;]<\/p>","protected":false},"featured_media":7991,"comment_status":"open","ping_status":"closed","template":"","meta":[],"product_brand":[],"product_cat":[40],"product_tag":[],"class_list":{"0":"post-7990","1":"product","2":"type-product","3":"status-publish","4":"has-post-thumbnail","6":"product_cat-security-cameras","8":"first","9":"outofstock","10":"taxable","11":"shipping-taxable","12":"purchasable","13":"product-type-simple"},"_links":{"self":[{"href":"https:\/\/fasttelekom.com\/sv\/wp-json\/wp\/v2\/product\/7990","targetHints":{"allow":["GET"]}}],"collection":[{"href":"https:\/\/fasttelekom.com\/sv\/wp-json\/wp\/v2\/product"}],"about":[{"href":"https:\/\/fasttelekom.com\/sv\/wp-json\/wp\/v2\/types\/product"}],"replies":[{"embeddable":true,"href":"https:\/\/fasttelekom.com\/sv\/wp-json\/wp\/v2\/comments?post=7990"}],"version-history":[{"count":0,"href":"https:\/\/fasttelekom.com\/sv\/wp-json\/wp\/v2\/product\/7990\/revisions"}],"wp:featuredmedia":[{"embeddable":true,"href":"https:\/\/fasttelekom.com\/sv\/wp-json\/wp\/v2\/media\/7991"}],"wp:attachment":[{"href":"https:\/\/fasttelekom.com\/sv\/wp-json\/wp\/v2\/media?parent=7990"}],"wp:term":[{"taxonomy":"product_brand","embeddable":true,"href":"https:\/\/fasttelekom.com\/sv\/wp-json\/wp\/v2\/product_brand?post=7990"},{"taxonomy":"product_cat","embeddable":true,"href":"https:\/\/fasttelekom.com\/sv\/wp-json\/wp\/v2\/product_cat?post=7990"},{"taxonomy":"product_tag","embeddable":true,"href":"https:\/\/fasttelekom.com\/sv\/wp-json\/wp\/v2\/product_tag?post=7990"}],"curies":[{"name":"wp","href":"https:\/\/api.w.org\/{rel}","templated":true}]}}