{"id":5965,"date":"2025-11-05T23:23:06","date_gmt":"2025-11-05T23:23:06","guid":{"rendered":"https:\/\/fasttelekom.com\/?post_type=product&#038;p=5965"},"modified":"2025-12-03T19:05:43","modified_gmt":"2025-12-03T19:05:43","slug":"standard-33","status":"publish","type":"product","link":"https:\/\/fasttelekom.com\/rs\/\u043f\u0440\u043e\u0438\u0437\u0432\u043e\u0434\/standard-33\/","title":{"rendered":"\u0421\u0422\u0410\u041d\u0414\u0410\u0420\u0414 3+3"},"content":{"rendered":"<div class=\"upper-part\">\n<div class=\"package-content\">\n<div class=\"package-description\">\n<ul>\n<li>400+ \u0434\u043e\u043c\u0430\u045b\u0438\u0445 \u0422\u0412 \u043a\u0430\u043d\u0430\u043b\u0430 \u0443\u043a\u0459\u0443\u0447\u0443\u0458\u0443\u045b\u0438 \u0420\u0422\u0421, \u0410\u0440\u0435\u043d\u0430 \u0421\u043f\u043e\u0440\u0442, \u0421\u0443\u043f\u0435\u0440\u0441\u0442\u0430\u0440, \u0411\u041d, \u0425\u0430\u0438\u0430\u0442, \u0425\u0420\u0422<\/li>\n<li>\u043d\u0430\u0458\u0441\u043b\u0443\u0448\u0430\u043d\u0438\u0458\u0435 \u0440\u0430\u0434\u0438\u043e \u0441\u0442\u0430\u043d\u0438\u0446\u0435<\/li>\n<li>\u0414\u043e\u043c\u0430\u045b\u0438 \u0441\u043f\u043e\u0440\u0442, \u0421\u0443\u043f\u0435\u0440 \u043b\u0438\u0433\u0430, \u0410\u0411\u0410 \u043b\u0438\u0433\u0430 \u043d\u0430 \u0410\u0440\u0435\u043d\u0430 \u0421\u043f\u043e\u0440\u0442 \u0435\u043a\u0441\u043a\u043b\u0443\u0437\u0438\u0432\u043d\u043e<\/li>\n<li>\u0421\u0432\u0435 \u0442\u043e \u0433\u043b\u0435\u0434\u0430\u0458 \u0434\u043e 7 \u0434\u0430\u043d\u0430 \u0443\u043d\u0430\u0437\u0430\u0434<\/li>\n<li>\u0412\u0438\u0434\u0435\u043e \u043a\u043b\u0443\u0431 \u0441\u0430 \u043f\u0440\u0435\u043a\u043e 300 \u0434\u043e\u043c\u0430\u045b\u0438\u0445 \u0444\u0438\u043b\u043c\u043e\u0432\u0430 \u0438 \u0441\u0435\u0440\u0438\u0458\u0430<\/li>\n<li>\u0420\u0435\u0433\u0438\u0441\u0442\u0440\u0443\u0458 \u043d\u0430 6 \u043c\u043e\u0431\u0438\u043b\u043d\u0438\u0445 \u0438 2 \u0432\u0435\u043b\u0438\u043a\u0430 \u0443\u0440\u0435\u0452\u0430\u0458\u0430 \u0438 \u0441\u0442\u0440\u0438\u043c\u0443\u0458 \u043d\u0430 2 \u0438\u0441\u0442\u043e\u0432\u0440\u0435\u043c\u0435\u043d\u043e<\/li>\n<\/ul>\n<\/div>\n<\/div>\n<\/div>\n<div class=\"center-part\"><\/div>","protected":false},"excerpt":{"rendered":"<p>400+ doma\u0107ih TV kanala uklju\u010duju\u0107i RTS, Arena Sport, Superstar, BN, Hayat, HRT najslu\u0161anije radio stanice Doma\u0107i sport, Super liga, ABA liga na Arena Sport ekskluzivno Sve to gledaj do 7 dana unazad Video klub sa preko 300 doma\u0107ih filmova i serija Registruj na 6 mobilnih i 2 velika ure\u0111aja i strimuj na 2 istovremeno<\/p>","protected":false},"featured_media":5975,"comment_status":"open","ping_status":"closed","template":"","meta":[],"product_brand":[],"product_cat":[43],"product_tag":[49,50,51],"class_list":{"0":"post-5965","1":"product","2":"type-product","3":"status-publish","4":"has-post-thumbnail","6":"product_cat-move-pretplata","7":"product_tag-balkan","8":"product_tag-televizija","9":"product_tag-tv","11":"first","12":"instock","13":"taxable","14":"shipping-taxable","15":"purchasable","16":"product-type-simple"},"_links":{"self":[{"href":"https:\/\/fasttelekom.com\/rs\/wp-json\/wp\/v2\/product\/5965","targetHints":{"allow":["GET"]}}],"collection":[{"href":"https:\/\/fasttelekom.com\/rs\/wp-json\/wp\/v2\/product"}],"about":[{"href":"https:\/\/fasttelekom.com\/rs\/wp-json\/wp\/v2\/types\/product"}],"replies":[{"embeddable":true,"href":"https:\/\/fasttelekom.com\/rs\/wp-json\/wp\/v2\/comments?post=5965"}],"version-history":[{"count":1,"href":"https:\/\/fasttelekom.com\/rs\/wp-json\/wp\/v2\/product\/5965\/revisions"}],"predecessor-version":[{"id":10073,"href":"https:\/\/fasttelekom.com\/rs\/wp-json\/wp\/v2\/product\/5965\/revisions\/10073"}],"wp:featuredmedia":[{"embeddable":true,"href":"https:\/\/fasttelekom.com\/rs\/wp-json\/wp\/v2\/media\/5975"}],"wp:attachment":[{"href":"https:\/\/fasttelekom.com\/rs\/wp-json\/wp\/v2\/media?parent=5965"}],"wp:term":[{"taxonomy":"product_brand","embeddable":true,"href":"https:\/\/fasttelekom.com\/rs\/wp-json\/wp\/v2\/product_brand?post=5965"},{"taxonomy":"product_cat","embeddable":true,"href":"https:\/\/fasttelekom.com\/rs\/wp-json\/wp\/v2\/product_cat?post=5965"},{"taxonomy":"product_tag","embeddable":true,"href":"https:\/\/fasttelekom.com\/rs\/wp-json\/wp\/v2\/product_tag?post=5965"}],"curies":[{"name":"wp","href":"https:\/\/api.w.org\/{rel}","templated":true}]}}