{"id":5960,"date":"2025-11-05T23:23:05","date_gmt":"2025-11-05T23:23:05","guid":{"rendered":"https:\/\/fasttelekom.com\/?post_type=product&#038;p=5960"},"modified":"2025-12-01T22:35:45","modified_gmt":"2025-12-01T22:35:45","slug":"premium-1","status":"publish","type":"product","link":"https:\/\/fasttelekom.com\/nn\/product\/premium-1\/","title":{"rendered":"PREMIUM 1"},"content":{"rendered":"<ul>\n<li>400+ doma\u0107ih TV kanala uklju\u010duju\u0107i RTS, Arena Sport, Superstar, BN, Hayat, HRT<\/li>\n<li>najslu\u0161anije radio stanice<\/li>\n<li>Doma\u0107i sport, Super liga, ABA liga na Arena Sport ekskluzivno<\/li>\n<li>Sve to gledaj do 7 dana unazad<\/li>\n<li>Video klub sa preko 300 doma\u0107ih filmova i serija<\/li>\n<li>Registruj na 6 mobilnih i 4 velika ure\u0111aja i strimuj na 4 istovremeno<\/li>\n<\/ul>","protected":false},"excerpt":{"rendered":"<p>400+ doma\u0107ih TV kanala uklju\u010duju\u0107i RTS, Arena Sport, Superstar, BN, Hayat, HRT najslu\u0161anije radio stanice Doma\u0107i sport, Super liga, ABA liga na Arena Sport ekskluzivno Sve to gledaj do 7 dana unazad Video klub sa preko 300 doma\u0107ih filmova i serija Registruj na 6 mobilnih i 4 velika ure\u0111aja i strimuj na 4 istovremeno<\/p>","protected":false},"featured_media":8008,"comment_status":"open","ping_status":"closed","template":"","meta":[],"product_brand":[],"product_cat":[43],"product_tag":[49,50,51],"class_list":{"0":"post-5960","1":"product","2":"type-product","3":"status-publish","4":"has-post-thumbnail","6":"product_cat-move-pretplata","7":"product_tag-balkan","8":"product_tag-televizija","9":"product_tag-tv","11":"first","12":"instock","13":"virtual","14":"taxable","15":"purchasable","16":"product-type-simple"},"_links":{"self":[{"href":"https:\/\/fasttelekom.com\/nn\/wp-json\/wp\/v2\/product\/5960","targetHints":{"allow":["GET"]}}],"collection":[{"href":"https:\/\/fasttelekom.com\/nn\/wp-json\/wp\/v2\/product"}],"about":[{"href":"https:\/\/fasttelekom.com\/nn\/wp-json\/wp\/v2\/types\/product"}],"replies":[{"embeddable":true,"href":"https:\/\/fasttelekom.com\/nn\/wp-json\/wp\/v2\/comments?post=5960"}],"version-history":[{"count":0,"href":"https:\/\/fasttelekom.com\/nn\/wp-json\/wp\/v2\/product\/5960\/revisions"}],"wp:featuredmedia":[{"embeddable":true,"href":"https:\/\/fasttelekom.com\/nn\/wp-json\/wp\/v2\/media\/8008"}],"wp:attachment":[{"href":"https:\/\/fasttelekom.com\/nn\/wp-json\/wp\/v2\/media?parent=5960"}],"wp:term":[{"taxonomy":"product_brand","embeddable":true,"href":"https:\/\/fasttelekom.com\/nn\/wp-json\/wp\/v2\/product_brand?post=5960"},{"taxonomy":"product_cat","embeddable":true,"href":"https:\/\/fasttelekom.com\/nn\/wp-json\/wp\/v2\/product_cat?post=5960"},{"taxonomy":"product_tag","embeddable":true,"href":"https:\/\/fasttelekom.com\/nn\/wp-json\/wp\/v2\/product_tag?post=5960"}],"curies":[{"name":"wp","href":"https:\/\/api.w.org\/{rel}","templated":true}]}}