{"id":8739,"date":"2025-11-27T00:34:11","date_gmt":"2025-11-27T00:34:11","guid":{"rendered":"https:\/\/fasttelekom.com\/?page_id=8739"},"modified":"2025-12-03T18:33:31","modified_gmt":"2025-12-03T18:33:31","slug":"become-a-partner","status":"publish","type":"page","link":"https:\/\/fasttelekom.com\/hr\/become-a-partner\/","title":{"rendered":"Postanite partner"},"content":{"rendered":"<div data-elementor-type=\"wp-page\" data-elementor-id=\"8739\" class=\"elementor elementor-8739\" data-elementor-post-type=\"page\">\n\t\t\t\t<div class=\"elementor-element elementor-element-14e3dc8 e-transform e-transform e-flex e-con-boxed e-con e-parent\" data-id=\"14e3dc8\" data-element_type=\"container\" data-settings=\"{&quot;background_background&quot;:&quot;slideshow&quot;,&quot;background_slideshow_gallery&quot;:[{&quot;id&quot;:8741,&quot;url&quot;:&quot;https:\\\/\\\/fasttelekom.com\\\/wp-content\\\/uploads\\\/2025\\\/11\\\/business-man-shake-hands-with-business-women-agree-2025-01-09-08-28-16-utc-scaled-e1764786405385.jpg&quot;}],&quot;background_slideshow_loop&quot;:&quot;yes&quot;,&quot;background_slideshow_slide_duration&quot;:5000,&quot;background_slideshow_slide_transition&quot;:&quot;fade&quot;,&quot;background_slideshow_transition_duration&quot;:500,&quot;_transform_rotateZ_effect&quot;:{&quot;unit&quot;:&quot;px&quot;,&quot;size&quot;:&quot;&quot;,&quot;sizes&quot;:[]},&quot;_transform_rotateZ_effect_laptop&quot;:{&quot;unit&quot;:&quot;deg&quot;,&quot;size&quot;:&quot;&quot;,&quot;sizes&quot;:[]},&quot;_transform_rotateZ_effect_tablet_extra&quot;:{&quot;unit&quot;:&quot;deg&quot;,&quot;size&quot;:&quot;&quot;,&quot;sizes&quot;:[]},&quot;_transform_rotateZ_effect_tablet&quot;:{&quot;unit&quot;:&quot;deg&quot;,&quot;size&quot;:&quot;&quot;,&quot;sizes&quot;:[]},&quot;_transform_rotateZ_effect_mobile_extra&quot;:{&quot;unit&quot;:&quot;deg&quot;,&quot;size&quot;:&quot;&quot;,&quot;sizes&quot;:[]},&quot;_transform_rotateZ_effect_mobile&quot;:{&quot;unit&quot;:&quot;deg&quot;,&quot;size&quot;:&quot;&quot;,&quot;sizes&quot;:[]},&quot;_transform_translateX_effect&quot;:{&quot;unit&quot;:&quot;px&quot;,&quot;size&quot;:&quot;&quot;,&quot;sizes&quot;:[]},&quot;_transform_translateX_effect_laptop&quot;:{&quot;unit&quot;:&quot;px&quot;,&quot;size&quot;:&quot;&quot;,&quot;sizes&quot;:[]},&quot;_transform_translateX_effect_tablet_extra&quot;:{&quot;unit&quot;:&quot;px&quot;,&quot;size&quot;:&quot;&quot;,&quot;sizes&quot;:[]},&quot;_transform_translateX_effect_tablet&quot;:{&quot;unit&quot;:&quot;px&quot;,&quot;size&quot;:&quot;&quot;,&quot;sizes&quot;:[]},&quot;_transform_translateX_effect_mobile_extra&quot;:{&quot;unit&quot;:&quot;px&quot;,&quot;size&quot;:&quot;&quot;,&quot;sizes&quot;:[]},&quot;_transform_translateX_effect_mobile&quot;:{&quot;unit&quot;:&quot;px&quot;,&quot;size&quot;:&quot;&quot;,&quot;sizes&quot;:[]},&quot;_transform_translateY_effect&quot;:{&quot;unit&quot;:&quot;px&quot;,&quot;size&quot;:&quot;&quot;,&quot;sizes&quot;:[]},&quot;_transform_translateY_effect_laptop&quot;:{&quot;unit&quot;:&quot;px&quot;,&quot;size&quot;:&quot;&quot;,&quot;sizes&quot;:[]},&quot;_transform_translateY_effect_tablet_extra&quot;:{&quot;unit&quot;:&quot;px&quot;,&quot;size&quot;:&quot;&quot;,&quot;sizes&quot;:[]},&quot;_transform_translateY_effect_tablet&quot;:{&quot;unit&quot;:&quot;px&quot;,&quot;size&quot;:&quot;&quot;,&quot;sizes&quot;:[]},&quot;_transform_translateY_effect_mobile_extra&quot;:{&quot;unit&quot;:&quot;px&quot;,&quot;size&quot;:&quot;&quot;,&quot;sizes&quot;:[]},&quot;_transform_translateY_effect_mobile&quot;:{&quot;unit&quot;:&quot;px&quot;,&quot;size&quot;:&quot;&quot;,&quot;sizes&quot;:[]}}\">\t\t\t<div class=\"e-con-inner\">\r\n\t\t\t\t<div class=\"elementor-element elementor-element-5095b33 elementor-widget elementor-widget-pxl_heading\" data-id=\"5095b33\" data-element_type=\"widget\" data-widget_type=\"pxl_heading.default\">\n\t\t\t\t<div class=\"elementor-widget-container\">\n\t\t\t\t\t<div id=\"pxl-pxl_heading-5095b33-1341\" class=\"pxl-heading px-sub-title-default-style\">\n\t<div class=\"pxl-heading--inner\">\n\t\t\n\t\t\n\t\t<h1 class=\"pxl-item--title\" data-wow-delay=\"ms\">\n\t\t\tPostanite partner\t\t\n\t\t<\/h1>\n\n\t\t\n\t\t\n\t\t\t\t\n\t<\/div>\n<\/div>\t\t\t\t<\/div>\n\t\t\t\t<\/div>\n\t\t\t\t\t<\/div>\r\n\t\t\t\t<\/div>\r\n\t\t<div class=\"elementor-element elementor-element-f92a0ba e-flex e-con-boxed e-con e-parent\" data-id=\"f92a0ba\" data-element_type=\"container\">\t\t\t<div class=\"e-con-inner\">\r\n\t\t<div class=\"elementor-element elementor-element-2c21c05 e-flex e-con-boxed e-con e-child\" data-id=\"2c21c05\" data-element_type=\"container\">\t\t\t<div class=\"e-con-inner\">\r\n\t\t\t\t<div class=\"elementor-element elementor-element-64f8c96 elementor-widget elementor-widget-text-editor\" data-id=\"64f8c96\" data-element_type=\"widget\" data-widget_type=\"text-editor.default\">\n\t\t\t\t\t\t\t\t\t<p>Postanite na\u0161 partner!<\/p><p>\u017deli\u0161 li da bude\u0161 dio uspje\u0161ne pri\u010de koja povezuje ljude \u0161irom svijeta s njihovom kulturom, jezikom i tradicijom?<br \/>Pridru\u017ei nam se i postavimo na\u0161eg ekskluzivnog partnera u distribuciji vrhunskih usluga za gledanje TV kanala sa Balkana.<\/p><p>Na\u0161a misija je jasna \u2013 da na najkvalitetniji na\u010din povezujemo na\u0161e ljude u dijaspori sa sadr\u017eajem koji voli, bez prekida, bez komplikacija i potpuno legalno.<br \/>Kao na\u0161 partner, imate priliku da svojim klijentima ponudite najbolju i najpouzdaniju TV uslugu na tr\u017ei\u0161tu.<\/p><p>Za\u0161to je dobro biti na\u0161 partner?<\/p><p>Zarada po svakoj realiziranoj prodaji<br \/>Ostvari direktnu nov\u010danu nagradu za svaki novi aktivirani paket.<\/p><p>Prodaje\u0161 100% legalnu uslugu<br \/>Budi jedinstven me\u0111u mnogima \u2014 ponudi rje\u0161enje potpuno bez rizika, sa garantovanom kvalitetom i podr\u0161kom.<\/p><p>Stalan rast potra\u017enje<br \/>Na\u0161i ljudi diljem svijeta \u017eele pouzdanu vezu s domovinom \u2013 ti im se mo\u017ee\u0161 osigurati.<\/p><p>Jednostavan po\u010detak i puna podr\u0161ka<br \/>Dobija\u0161 sve potrebne materijale, obuku i kontinuiranu pomo\u0107 na\u0161eg tima.<\/p><p>Zapo\u010dni danas \u2013 zaradi, raste i postani dio ne\u010deg ve\u0107eg!<\/p><p>Kliknite, prijavite se i po\u0161aljite na\u0161eg partnera.<br \/>Zajedno gradimo mre\u017eu koja spaja Balkan sa svakim dijelom svijeta.<\/p>\t\t\t\t\t\t\t\t<\/div>\n\t\t\t\t\t<\/div>\r\n\t\t\t\t<\/div>\r\n\t\t\t\t\t<\/div>\r\n\t\t\t\t<\/div>\r\n\t\t<div class=\"elementor-element elementor-element-57dfd60 e-flex e-con-boxed e-con e-child\" data-id=\"57dfd60\" data-element_type=\"container\">\t\t\t<div class=\"e-con-inner\">\r\n\t\t\t\t<div class=\"elementor-element elementor-element-a22f33c elementor-widget elementor-widget-pxl_contact_form\" data-id=\"a22f33c\" data-element_type=\"widget\" data-widget_type=\"pxl_contact_form.default\">\n\t\t\t\t<div class=\"elementor-widget-container\">\n\t\t\t\t\t    <div class=\"pxl-contact-form pxl-contact-form1 notice-style1 box-style-none btn-w-auto\" data-wow-delay=\"ms\">\r\n                \n<div class=\"wpcf7 no-js\" id=\"wpcf7-f8747-o1\" lang=\"en-US\" dir=\"ltr\" data-wpcf7-id=\"8747\">\n<div class=\"screen-reader-response\"><p role=\"status\" aria-live=\"polite\" aria-atomic=\"true\"><\/p> <ul><\/ul><\/div>\n<form action=\"\/hr\/wp-json\/wp\/v2\/pages\/8739#wpcf7-f8747-o1\" method=\"post\" class=\"wpcf7-form init\" aria-label=\"Contact form\" novalidate=\"novalidate\" data-status=\"init\" data-trp-original-action=\"\/hr\/wp-json\/wp\/v2\/pages\/8739#wpcf7-f8747-o1\">\n<fieldset class=\"hidden-fields-container\"><input type=\"hidden\" name=\"_wpcf7\" value=\"8747\" \/><input type=\"hidden\" name=\"_wpcf7_version\" value=\"6.1.4\" \/><input type=\"hidden\" name=\"_wpcf7_locale\" value=\"en_US\" \/><input type=\"hidden\" name=\"_wpcf7_unit_tag\" value=\"wpcf7-f8747-o1\" \/><input type=\"hidden\" name=\"_wpcf7_container_post\" value=\"0\" \/><input type=\"hidden\" name=\"_wpcf7_posted_data_hash\" value=\"\" \/>\n<\/fieldset>\n<p><label> Va\u0161e ime<br \/>\n<span class=\"wpcf7-form-control-wrap\" data-name=\"your-name\"><input size=\"40\" maxlength=\"400\" class=\"wpcf7-form-control wpcf7-text wpcf7-validates-as-required\" autocomplete=\"name\" aria-required=\"true\" aria-invalid=\"false\" value=\"\" type=\"text\" name=\"your-name\" \/><\/span> <\/label>\n<\/p>\n<p><label> Va\u0161a e-po\u0161ta<br \/>\n<span class=\"wpcf7-form-control-wrap\" data-name=\"your-email\"><input size=\"40\" maxlength=\"400\" class=\"wpcf7-form-control wpcf7-email wpcf7-validates-as-required wpcf7-text wpcf7-validates-as-email\" autocomplete=\"email\" aria-required=\"true\" aria-invalid=\"false\" value=\"\" type=\"email\" name=\"your-email\" \/><\/span> <\/label>\n<\/p>\n<p><label> Predmet<br \/>\n<span class=\"wpcf7-form-control-wrap\" data-name=\"your-subject\"><input size=\"40\" maxlength=\"400\" class=\"wpcf7-form-control wpcf7-text wpcf7-validates-as-required\" aria-required=\"true\" aria-invalid=\"false\" value=\"\" type=\"text\" name=\"your-subject\" \/><\/span> <\/label>\n<\/p>\n<p><label> Va\u0161a poruka (neobavezno)<br \/>\n<span class=\"wpcf7-form-control-wrap\" data-name=\"your-message\"><textarea cols=\"40\" rows=\"10\" maxlength=\"2000\" class=\"wpcf7-form-control wpcf7-textarea\" aria-invalid=\"false\" name=\"your-message\"><\/textarea><\/span> <\/label>\n<\/p>\n<p><input class=\"wpcf7-form-control wpcf7-submit has-spinner\" type=\"submit\" value=\"Po\u0161alji\" \/>\n<\/p><div class=\"wpcf7-response-output\" aria-hidden=\"true\"><\/div>\n<input type=\"hidden\" name=\"trp-form-language\" value=\"hr\"\/><\/form>\n<\/div>\n    <\/div>\r\n\t\t\t\t<\/div>\n\t\t\t\t<\/div>\n\t\t\t\t\t<\/div>\r\n\t\t\t\t<\/div>\r\n\t\t\t\t<\/div>","protected":false},"excerpt":{"rendered":"<p>Become a Partner Postani na\u0161 partner! \u017deli\u0161 da bude\u0161 deo uspe\u0161ne pri\u010de koja povezuje ljude \u0161irom sveta sa njihovom kulturom, jezikom i tradicijom?Pridru\u017ei nam se i postani na\u0161 ekskluzivan partner u distribuciji vrhunske usluge za gledanje TV kanala sa Balkana. Na\u0161a misija je jasna \u2013 da na najkvalitetniji na\u010din pove\u017eemo na\u0161e ljude u dijaspori sa [&hellip;]<\/p>","protected":false},"author":1,"featured_media":0,"parent":0,"menu_order":0,"comment_status":"closed","ping_status":"closed","template":"elementor_header_footer","meta":{"footnotes":""},"class_list":["post-8739","page","type-page","status-publish","hentry"],"_links":{"self":[{"href":"https:\/\/fasttelekom.com\/hr\/wp-json\/wp\/v2\/pages\/8739","targetHints":{"allow":["GET"]}}],"collection":[{"href":"https:\/\/fasttelekom.com\/hr\/wp-json\/wp\/v2\/pages"}],"about":[{"href":"https:\/\/fasttelekom.com\/hr\/wp-json\/wp\/v2\/types\/page"}],"author":[{"embeddable":true,"href":"https:\/\/fasttelekom.com\/hr\/wp-json\/wp\/v2\/users\/1"}],"replies":[{"embeddable":true,"href":"https:\/\/fasttelekom.com\/hr\/wp-json\/wp\/v2\/comments?post=8739"}],"version-history":[{"count":9,"href":"https:\/\/fasttelekom.com\/hr\/wp-json\/wp\/v2\/pages\/8739\/revisions"}],"predecessor-version":[{"id":10061,"href":"https:\/\/fasttelekom.com\/hr\/wp-json\/wp\/v2\/pages\/8739\/revisions\/10061"}],"wp:attachment":[{"href":"https:\/\/fasttelekom.com\/hr\/wp-json\/wp\/v2\/media?parent=8739"}],"curies":[{"name":"wp","href":"https:\/\/api.w.org\/{rel}","templated":true}]}}