{"id":5962,"date":"2025-11-05T23:23:06","date_gmt":"2025-11-05T23:23:06","guid":{"rendered":"https:\/\/fasttelekom.com\/?post_type=product&#038;p=5962"},"modified":"2025-12-02T10:48:01","modified_gmt":"2025-12-02T10:48:01","slug":"standard-93","status":"publish","type":"product","link":"https:\/\/fasttelekom.com\/fi\/tuote\/standard-93\/","title":{"rendered":"STANDARDI 9+3"},"content":{"rendered":"<ul>\n<li>Yli 400 TV-kanavaa uklju\u010duju\u0107i RTS, Arena Sport, Superstar, BN, Hayat, HRT<\/li>\n<li>radion kuuntelu<\/li>\n<li>Doma\u0107i sport, Super liga, ABA-liiga na Arena Sport ekskluzivno<\/li>\n<li>Sve to gledaj do 7 dana unazad<\/li>\n<li>Videoklubi preko 300 doma\u0107ih elokuvaa sarjassa<\/li>\n<li>Registruj na 6 mobilnih i 2 velika ure\u0111aja i strimuj na 2 istovremeno<\/li>\n<\/ul>","protected":false},"excerpt":{"rendered":"<p>400+ doma\u0107ih TV kanala uklju\u010duju\u0107i RTS, Arena Sport, Superstar, BN, Hayat, HRT najslu\u0161anije radio stanice Doma\u0107i sport, Super liga, ABA liga na Arena Sport ekskluzivno Sve to gledaj do 7 dana unazad Video klub sa preko 300 doma\u0107ih filmova i serija Registruj na 6 mobilnih i 2 velika ure\u0111aja i strimuj na 2 istovremeno<\/p>","protected":false},"featured_media":8011,"comment_status":"open","ping_status":"closed","template":"","meta":[],"product_brand":[],"product_cat":[43],"product_tag":[],"class_list":{"0":"post-5962","1":"product","2":"type-product","3":"status-publish","4":"has-post-thumbnail","6":"product_cat-move-pretplata","8":"first","9":"instock","10":"taxable","11":"shipping-taxable","12":"purchasable","13":"product-type-simple"},"_links":{"self":[{"href":"https:\/\/fasttelekom.com\/fi\/wp-json\/wp\/v2\/product\/5962","targetHints":{"allow":["GET"]}}],"collection":[{"href":"https:\/\/fasttelekom.com\/fi\/wp-json\/wp\/v2\/product"}],"about":[{"href":"https:\/\/fasttelekom.com\/fi\/wp-json\/wp\/v2\/types\/product"}],"replies":[{"embeddable":true,"href":"https:\/\/fasttelekom.com\/fi\/wp-json\/wp\/v2\/comments?post=5962"}],"version-history":[{"count":0,"href":"https:\/\/fasttelekom.com\/fi\/wp-json\/wp\/v2\/product\/5962\/revisions"}],"wp:featuredmedia":[{"embeddable":true,"href":"https:\/\/fasttelekom.com\/fi\/wp-json\/wp\/v2\/media\/8011"}],"wp:attachment":[{"href":"https:\/\/fasttelekom.com\/fi\/wp-json\/wp\/v2\/media?parent=5962"}],"wp:term":[{"taxonomy":"product_brand","embeddable":true,"href":"https:\/\/fasttelekom.com\/fi\/wp-json\/wp\/v2\/product_brand?post=5962"},{"taxonomy":"product_cat","embeddable":true,"href":"https:\/\/fasttelekom.com\/fi\/wp-json\/wp\/v2\/product_cat?post=5962"},{"taxonomy":"product_tag","embeddable":true,"href":"https:\/\/fasttelekom.com\/fi\/wp-json\/wp\/v2\/product_tag?post=5962"}],"curies":[{"name":"wp","href":"https:\/\/api.w.org\/{rel}","templated":true}]}}