{"id":8002,"date":"2025-11-12T21:05:40","date_gmt":"2025-11-12T21:05:40","guid":{"rendered":"https:\/\/fasttelekom.com\/?post_type=product&#038;p=8002"},"modified":"2025-11-12T21:05:41","modified_gmt":"2025-11-12T21:05:41","slug":"kodak-pixpro-wpz2-vattentat-digitalkamera-1080p","status":"publish","type":"product","link":"https:\/\/fasttelekom.com\/es\/producto\/kodak-pixpro-wpz2-vattentat-digitalkamera-1080p\/","title":{"rendered":"C\u00e1mara digital Kodak Pixpro WPZ2, 1080p"},"content":{"rendered":"<p>Kodak Pixpro WPZ2: una c\u00e1mara digital almacenada y vac\u00eda que se puede rehacer para todas las aventuras. Podr\u00e1 remar, hacer kl\u00e4ttring, andar en bicicleta y otras actividades en tuffa en im\u00e1genes y pel\u00edculas. Finlandeses i flera f\u00e4rger.<\/p>\n<p>Vattent\u00e4t digitalkamera f\u00f6r dina undervatten\u00e4ventyr<br \/>\nLa Kodak Pixpro WPZ2 est\u00e1 sumergida hasta que est\u00e9 sumergida a 15 metros. Det betyder att du kan tappa den i vatten utan att den g\u00e5r s\u00f6nder. Den kan \u00e4ven fota och och filma n\u00e4r du simmar, dyker, snorklar o roar dig med andra vattenaktiviteter.<\/p>\n<p>C\u00e1mara digital St\u00f6ts\u00e4ker och damms\u00e4ker<br \/>\nPixpro WPZ2 se mantiene estable y cae desde 2 metros de altura. La c\u00e1mara de seguridad (IPX6) puede permitir que la c\u00e1mara se traslade a una c\u00e1mara trasera.<\/p>\n<p>Fota, filma, dela \u2013 WiFi-anslutning<br \/>\nKodak Pixpro WPZ2 tiene WiFi incorporado: solo necesita una c\u00e1mara compacta ihop con un tel\u00e9fono inteligente o una plataforma de navegaci\u00f3n (iOS y Android). Fota o filma och se dina bilder direkt p\u00e5 din digitala enhet f\u00f6r att bearbeta dina alster. L\u00e5t sedan dina v\u00e4nner, familj och f\u00f6ljare p\u00e5 sociala medier h\u00e4nga med p\u00e5 dina \u00e4ventyr i realtid.<\/p>\n<p>Skarpa bilder i alla l\u00e4gen<\/p>\n<ul>\n<li>La estabilizaci\u00f3n de imagen se realiza en el marco de la fotograf\u00eda y la pel\u00edcula.<\/li>\n<li>Zoom \u00f3ptico de 4x y zoom digital de 6x: zoom para obtener m\u00e1s detalles y profundizar en las im\u00e1genes.<\/li>\n<li>Fota allt fr\u00e5n vidvinkel to tele \u2013 motsvarande 35 to 108 mm.<\/li>\n<li>Blixt samt ISO hasta 3200 \u2013 klarar \u00e4ven av sv\u00e5rare ljusf\u00f6rh\u00e5llanden.<\/li>\n<li>Instalaci\u00f3n manual o sencilla: Autom\u00e1tico, P, M, Wi-Fi, SCN, Pel\u00edcula, Submarino.<\/li>\n<li>Ansiktsigenk\u00e4nning \u2013 sk\u00e4rpa automatisk p\u00e5 ansikten du vill f\u00f6reviga.<\/li>\n<li>Frys r\u00f6relse med snabb slutartid o skapa en efecto con larga slutartid.\n<p>Especificaciones t\u00e9cnicas Kodak Pixpro WPZ2<\/li>\n<li>Sensor: CMOS<\/li>\n<li>Fotouppl\u00f6sning Max: 16MP<\/li>\n<li>Resoluci\u00f3n de v\u00eddeo m\u00e1xima: Full HD \u2013 1080p<\/li>\n<li>Zoom: 4x \u00f3ptico, 6x digital<\/li>\n<li>Pantalla: LCD de 2,7\u2033<\/li>\n<li>ISO: Autom\u00e1tico, ISO 100\/200\/400\/800\/1600\/3200<\/li>\n<li>Blixt: S\u00ed<\/li>\n<li>Estabilizador de imagen: S\u00ed<\/li>\n<li>Ansiktsdetektering: Ja<\/li>\n<li>MODOS SCN: Panorama, Ni\u00f1os, Retrato, Retrato nocturno, Paisaje, Deportes, Atardecer, Fuegos artificiales, Nieve, Fiesta, Playa B, Paisaje nocturno, Cristal, Toma panor\u00e1mica, Interior, Hoja, Museo, Estabilizaci\u00f3n de imagen<\/li>\n<li>Internminne: 8 MB<\/li>\n<li>Minero externo: tarjeta microSDHC (hasta 32 GB st\u00f6d\/klass 4 o h\u00f6gre)<\/li>\n<li>Bater\u00edas de litio<\/li>\n<li>Mate: 103,2 \u00d7 66,7 \u00d7 52,4 mm<\/li>\n<li>Vikt: 176 gramos<\/li>\n<\/ul>","protected":false},"excerpt":{"rendered":"<ul class=\"product__productFeatures\">\n<li>\u00a0F\u00f6reviga dina \u00e4ventyr p\u00e5 land och i vatten \u2013 st\u00f6ts\u00e4ker, dammt\u00e4t, vattent\u00e4t.<\/li>\n<li>\u00a0Kodak Pixpro WPZ2: c\u00e1mara digital compacta con \u00f3ptica 4x y zoom digital 6x.<\/li>\n<li>\u00a0V\u00eddeos y pel\u00edculas con v\u00eddeo HD de 16 MP\/1080p, conectados al m\u00f3vil a trav\u00e9s de WiFi y.<\/li>\n<li>\u00a0En trogen f\u00f6ljeslagare vid ciclismo, kajakturer, snorkel\u00e4ventyr, bergskl\u00e4ttring mm.<\/li>\n<li>\u00a0Palanca con mango, cable USB y adaptador conectado. Finlandeses i flera f\u00e4rger.<\/li>\n<\/ul>","protected":false},"featured_media":8005,"comment_status":"open","ping_status":"closed","template":"","meta":[],"product_brand":[70],"product_cat":[41],"product_tag":[71],"class_list":{"0":"post-8002","1":"product","2":"type-product","3":"status-publish","4":"has-post-thumbnail","6":"product_brand-kodak-pixpro","7":"product_cat-digital-cameras","8":"product_tag-digital-camera","10":"first","11":"outofstock","12":"taxable","13":"shipping-taxable","14":"purchasable","15":"product-type-simple"},"_links":{"self":[{"href":"https:\/\/fasttelekom.com\/es\/wp-json\/wp\/v2\/product\/8002","targetHints":{"allow":["GET"]}}],"collection":[{"href":"https:\/\/fasttelekom.com\/es\/wp-json\/wp\/v2\/product"}],"about":[{"href":"https:\/\/fasttelekom.com\/es\/wp-json\/wp\/v2\/types\/product"}],"replies":[{"embeddable":true,"href":"https:\/\/fasttelekom.com\/es\/wp-json\/wp\/v2\/comments?post=8002"}],"version-history":[{"count":0,"href":"https:\/\/fasttelekom.com\/es\/wp-json\/wp\/v2\/product\/8002\/revisions"}],"wp:featuredmedia":[{"embeddable":true,"href":"https:\/\/fasttelekom.com\/es\/wp-json\/wp\/v2\/media\/8005"}],"wp:attachment":[{"href":"https:\/\/fasttelekom.com\/es\/wp-json\/wp\/v2\/media?parent=8002"}],"wp:term":[{"taxonomy":"product_brand","embeddable":true,"href":"https:\/\/fasttelekom.com\/es\/wp-json\/wp\/v2\/product_brand?post=8002"},{"taxonomy":"product_cat","embeddable":true,"href":"https:\/\/fasttelekom.com\/es\/wp-json\/wp\/v2\/product_cat?post=8002"},{"taxonomy":"product_tag","embeddable":true,"href":"https:\/\/fasttelekom.com\/es\/wp-json\/wp\/v2\/product_tag?post=8002"}],"curies":[{"name":"wp","href":"https:\/\/api.w.org\/{rel}","templated":true}]}}