{"id":7990,"date":"2025-11-12T20:56:29","date_gmt":"2025-11-12T20:56:29","guid":{"rendered":"https:\/\/fasttelekom.com\/?post_type=product&#038;p=7990"},"modified":"2025-11-12T20:56:48","modified_gmt":"2025-11-12T20:56:48","slug":"dahua-8mp-wizsense-2-7-13-5mm-ip67-turret-40m-ir-mic","status":"publish","type":"product","link":"https:\/\/fasttelekom.com\/da\/vare\/dahua-8mp-wizsense-2-7-13-5mm-ip67-turret-40m-ir-mic\/","title":{"rendered":"Dahua 8MP WizSense 2.7-13.5mm IP67 Turret 40m IR &amp; Mikrofon."},"content":{"rendered":"<div>Med avanceret deep learning-algoritme underst\u00f8tter Dahua WizSense 2-seriens netv\u00e6rkskamera intelligente funktioner, s\u00e5som perimeterbeskyttelse og smart bev\u00e6gelsesdetektion. Med stjernelysteknologi giver dette kameraserie en bedre billedeffekt under forhold med lav belysning.<\/div>\n<div><\/div>\n<div><strong>Funktioner:<\/strong><\/div>\n<div>\n<ul>\n<li>8-MP 1\/2,7\u2033 CMOS-billedsensor, lav luminans og billeder i h\u00f8j opl\u00f8sning.<\/li>\n<li>Udsender maks. 8 MP (3840 \u00d7 2160) @ 20 fps og underst\u00f8tter 2688 \u00d7 1520 (2688 \u00d7 1520) @ 25\/30 fps.<\/li>\n<li>H.265 codec, h\u00f8j komprimeringshastighed, ultralav bithastighed.<\/li>\n<li>Indbygget IR LED, og den maksimale belysningsafstand er 40 m.<\/li>\n<li>ROI, SMART H.264+\/H.265+, fleksibel kodning, anvendelig til forskellige b\u00e5ndbredde- og lagringsmilj\u00f8er.<\/li>\n<li>Rotationstilstand, WDR, 3D NR, HLC, BLC, digital vandm\u00e6rkning, anvendelig til forskellige overv\u00e5gningsscener.<\/li>\n<li>Intelligent overv\u00e5gning: Indbrud, snubletr\u00e5d (de to funktioner underst\u00f8tter klassificering og pr\u00e6cis detektion af k\u00f8ret\u00f8jer og mennesker).<\/li>\n<li>Unormalitetsdetektion: Bev\u00e6gelsesdetektion, videomanipulation, lyddetektion, intet SD-kort, fuldt SD-kort, SD-kortfejl, netv\u00e6rksafbrydelse, IP-konflikt, ulovlig adgang og sp\u00e6ndingsdetektion.<\/li>\n<li>Underst\u00f8tter maks. 256 G Micro SD-kort; indbygget mikrofon.<\/li>\n<li>12 VDC\/PoE str\u00f8mforsyning, nem at installere.<\/li>\n<li>IP67-beskyttelse.<\/li>\n<li>SMD Plus<\/li>\n<\/ul>\n<\/div>\n<div><\/div>\n<div><strong>SMD Plus<\/strong><\/div>\n<p>Med intelligent algoritme kan Dahua Smart Motion Detection-teknologi kategorisere de m\u00e5l, der udl\u00f8ser bev\u00e6gelsesdetektion, og filtrere bev\u00e6gelsesdetektionsalarmen, der udl\u00f8ses af ikke-ber\u00f8rte m\u00e5l, for at realisere effektiv og pr\u00e6cis alarm.<\/p>\n<div><\/div>\n<div><\/div>\n<div><strong>Smart H.265+ og Smart H.264+<\/strong><br \/>\nMed avanceret scene-adaptiv hastighedskontrolalgoritme opn\u00e5r Dahuas smarte kodningsteknologi en h\u00f8jere kodningseffektivitet end H.265 og H.264, leverer video i h\u00f8j kvalitet og reducerer omkostningerne til lagring og transmission.<\/div>\n<div><\/div>\n<div><\/div>\n<div><strong>Perimeterbeskyttelse<\/strong><br \/>\nMed deep learning-algoritme kan Dahua Perimeter Protection-teknologien genkende mennesker og k\u00f8ret\u00f8jer n\u00f8jagtigt. I begr\u00e6nsede omr\u00e5der (s\u00e5som fodg\u00e6ngeromr\u00e5der og k\u00f8ret\u00f8jsomr\u00e5der) reduceres falske alarmer fra intelligent detektion baseret p\u00e5 m\u00e5ltype (s\u00e5som snubletr\u00e5d, indbrud) i h\u00f8j grad.<\/div>\n<div><\/div>\n<div><\/div>\n<div><strong>Cybersikkerhed<\/strong><br \/>\nDahua netv\u00e6rkskameraer anvender en r\u00e6kke sikkerhedsteknologier, herunder sikkerhedsgodkendelse og -autorisation, adgangskontrolprotokoller, betroet beskyttelse, krypteret transmission og krypteret lagring. Disse teknologier forbedrer kameraets forsvar mod eksterne cybertrusler og forhindrer ondsindede programmer i at kompromittere enheden.<\/div>","protected":false},"excerpt":{"rendered":"<p>With advanced deep learning algorithm, Dahua WizSense 2 Series network camera supports intelligent functions, such as perimeter protection and smart motion detection. With starlight technology, this series camera provides a better image effect in the condition of low illuminanc Features: 8-MP 1\/2.7&#8243; CMOS image sensor, low luminance, and high definition\u00a0image. Outputs max. 8 MP (3840 [&hellip;]<\/p>","protected":false},"featured_media":7991,"comment_status":"open","ping_status":"closed","template":"","meta":[],"product_brand":[],"product_cat":[40],"product_tag":[],"class_list":{"0":"post-7990","1":"product","2":"type-product","3":"status-publish","4":"has-post-thumbnail","6":"product_cat-security-cameras","8":"first","9":"outofstock","10":"taxable","11":"shipping-taxable","12":"purchasable","13":"product-type-simple"},"_links":{"self":[{"href":"https:\/\/fasttelekom.com\/da\/wp-json\/wp\/v2\/product\/7990","targetHints":{"allow":["GET"]}}],"collection":[{"href":"https:\/\/fasttelekom.com\/da\/wp-json\/wp\/v2\/product"}],"about":[{"href":"https:\/\/fasttelekom.com\/da\/wp-json\/wp\/v2\/types\/product"}],"replies":[{"embeddable":true,"href":"https:\/\/fasttelekom.com\/da\/wp-json\/wp\/v2\/comments?post=7990"}],"version-history":[{"count":0,"href":"https:\/\/fasttelekom.com\/da\/wp-json\/wp\/v2\/product\/7990\/revisions"}],"wp:featuredmedia":[{"embeddable":true,"href":"https:\/\/fasttelekom.com\/da\/wp-json\/wp\/v2\/media\/7991"}],"wp:attachment":[{"href":"https:\/\/fasttelekom.com\/da\/wp-json\/wp\/v2\/media?parent=7990"}],"wp:term":[{"taxonomy":"product_brand","embeddable":true,"href":"https:\/\/fasttelekom.com\/da\/wp-json\/wp\/v2\/product_brand?post=7990"},{"taxonomy":"product_cat","embeddable":true,"href":"https:\/\/fasttelekom.com\/da\/wp-json\/wp\/v2\/product_cat?post=7990"},{"taxonomy":"product_tag","embeddable":true,"href":"https:\/\/fasttelekom.com\/da\/wp-json\/wp\/v2\/product_tag?post=7990"}],"curies":[{"name":"wp","href":"https:\/\/api.w.org\/{rel}","templated":true}]}}