{"id":7987,"date":"2025-11-12T20:50:54","date_gmt":"2025-11-12T20:50:54","guid":{"rendered":"https:\/\/fasttelekom.com\/?post_type=product&#038;p=7987"},"modified":"2025-11-12T20:50:54","modified_gmt":"2025-11-12T20:50:54","slug":"ajax-startpaket-white","status":"publish","type":"product","link":"https:\/\/fasttelekom.com\/da\/vare\/ajax-startpaket-white\/","title":{"rendered":"Ajax \u2013 Startpakke \u2013 Hvid"},"content":{"rendered":"<p><span class=\"TextRun SCXW122863128 BCX0\" lang=\"SV-SE\" xml:lang=\"SV-SE\" data-contrast=\"none\"><span class=\"NormalTextRun SCXW122863128 BCX0\" data-ccp-parastyle=\"heading 2\">Startpakke for at komme igang med Ajax larmet. Fungerar<\/span><\/span><span class=\"TextRun SCXW122863128 BCX0\" lang=\"SV-SE\" xml:lang=\"SV-SE\" data-contrast=\"none\"><span class=\"NormalTextRun SCXW122863128 BCX0\" data-ccp-parastyle=\"heading 2\">\u00a0for dig som \u00f8nsker en enklare l\u00f8sning som fungerer, s<\/span><\/span><span class=\"TextRun SCXW122863128 BCX0\" lang=\"SV-SE\" xml:lang=\"SV-SE\" data-contrast=\"none\"><span class=\"NormalTextRun SCXW122863128 BCX0\" data-ccp-parastyle=\"heading 2\">tyr och ta emot larm enkelt med\u00a0<\/span><span class=\"SpellingError SCXW122863128 BCX0\" data-ccp-parastyle=\"heading 2\">append<\/span><span class=\"NormalTextRun SCXW122863128 BCX0\" data-ccp-parastyle=\"heading 2\">\u00a0i telefonen.\u00a0<\/span><\/span><span class=\"EOP SCXW122863128 BCX0\" data-ccp-props=\"{&quot;201341983&quot;:0,&quot;335559738&quot;:40,&quot;335559739&quot;:0,&quot;335559740&quot;:259}\">Pakken indeholder Hub Plus (cirkul\u00e6r \u2013 vit), MotionProtect, DoorProtect og en fjernkontrol.\u00a0<\/span><\/p>","protected":false},"excerpt":{"rendered":"<p class=\"p1\"><b>Ajax \u2013 Startpakke<\/b><\/p>\n<p class=\"p2\">Dette pakke indeholder en udgangshub, som kan medf\u00f8re begr\u00e6nsninger i kompatibilitet til visse enheder. Vi anbefaler Hub 2 eller\u00a0<span class=\"s1\">Hub 2 plus<\/span><\/p>\n<p class=\"p2\">Startpakke indeholder ingen sirene, hvilket er n\u00f8dvendigt for at systemet skal generere lyd i huset udover det larm som du f\u00e5r i appen.<\/p>\n<p class=\"p2\">En stilrent larm som flere gange vunnit internationale priser som bedste larm. Ledordet er brugervenligt kombineret med velkendt teknologi. Ajax er for dig, som vil have et smart og let hemlarm som passer til enhver planl\u00f8sning og boligform.<\/p>\n<p class=\"p2\">I pakken indg\u00e5r en d\u00f6rrmagnet som er aktiveret om din ytterd\u00f8r bryder op. Inne i l\u00e4genheten reagerar en bev\u00e6gelsesdetektor om en inbrottstjuv skulle tagit sig in p\u00e5 et andet s\u00e4tt.<\/p>","protected":false},"featured_media":7988,"comment_status":"open","ping_status":"closed","template":"","meta":[],"product_brand":[63],"product_cat":[39],"product_tag":[64,65],"class_list":{"0":"post-7987","1":"product","2":"type-product","3":"status-publish","4":"has-post-thumbnail","6":"product_brand-ajax-larm","7":"product_cat-alarm","8":"product_tag-ajax","9":"product_tag-larm","11":"first","12":"outofstock","13":"taxable","14":"shipping-taxable","15":"purchasable","16":"product-type-simple"},"_links":{"self":[{"href":"https:\/\/fasttelekom.com\/da\/wp-json\/wp\/v2\/product\/7987","targetHints":{"allow":["GET"]}}],"collection":[{"href":"https:\/\/fasttelekom.com\/da\/wp-json\/wp\/v2\/product"}],"about":[{"href":"https:\/\/fasttelekom.com\/da\/wp-json\/wp\/v2\/types\/product"}],"replies":[{"embeddable":true,"href":"https:\/\/fasttelekom.com\/da\/wp-json\/wp\/v2\/comments?post=7987"}],"version-history":[{"count":0,"href":"https:\/\/fasttelekom.com\/da\/wp-json\/wp\/v2\/product\/7987\/revisions"}],"wp:featuredmedia":[{"embeddable":true,"href":"https:\/\/fasttelekom.com\/da\/wp-json\/wp\/v2\/media\/7988"}],"wp:attachment":[{"href":"https:\/\/fasttelekom.com\/da\/wp-json\/wp\/v2\/media?parent=7987"}],"wp:term":[{"taxonomy":"product_brand","embeddable":true,"href":"https:\/\/fasttelekom.com\/da\/wp-json\/wp\/v2\/product_brand?post=7987"},{"taxonomy":"product_cat","embeddable":true,"href":"https:\/\/fasttelekom.com\/da\/wp-json\/wp\/v2\/product_cat?post=7987"},{"taxonomy":"product_tag","embeddable":true,"href":"https:\/\/fasttelekom.com\/da\/wp-json\/wp\/v2\/product_tag?post=7987"}],"curies":[{"name":"wp","href":"https:\/\/api.w.org\/{rel}","templated":true}]}}