{"id":39,"date":"2023-07-05T08:29:23","date_gmt":"2023-07-05T08:29:23","guid":{"rendered":"https:\/\/demo.bravisthemes.com\/nestnet\/?page_id=39"},"modified":"2025-11-06T22:23:48","modified_gmt":"2025-11-06T22:23:48","slug":"faq","status":"publish","type":"page","link":"https:\/\/fasttelekom.com\/da\/faq\/","title":{"rendered":"Faq"},"content":{"rendered":"<div data-elementor-type=\"wp-page\" data-elementor-id=\"39\" class=\"elementor elementor-39\" data-elementor-post-type=\"page\">\n\t\t\t\t        <section class=\"elementor-section elementor-top-section elementor-element elementor-element-a0ab6c0 elementor-section-stretched elementor-section-boxed elementor-section-height-default elementor-section-height-default pxl-row-scroll-none pxl-bg-color-none pxl-section-overlay-none\" data-id=\"a0ab6c0\" data-element_type=\"section\" data-settings=\"{&quot;stretch_section&quot;:&quot;section-stretched&quot;}\">\n\n                \n                <div class=\"elementor-container elementor-column-gap-extended\">\n                <div class=\"elementor-column elementor-col-100 elementor-top-column elementor-element elementor-element-4c7d096 pxl-column-none\" data-id=\"4c7d096\" data-element_type=\"column\">\r\n        <div class=\"elementor-widget-wrap elementor-element-populated\">\r\n                     \r\n        \t\t<div class=\"elementor-element elementor-element-fb812af elementor-widget elementor-widget-pxl_heading\" data-id=\"fb812af\" data-element_type=\"widget\" data-widget_type=\"pxl_heading.default\">\n\t\t\t\t<div class=\"elementor-widget-container\">\n\t\t\t\t\t<div id=\"pxl-pxl_heading-fb812af-5266\" class=\"pxl-heading px-sub-title-default-style\">\n\t<div class=\"pxl-heading--inner\">\n\t\t\n\t\t\t\t\t<div class=\"pxl-item--subtitle px-sub-title-default wow bounceIn\" data-wow-delay=\"100ms\">\n\t\t\t\t\t\t\t\t<span class=\"pxl-item--subtext\">\n\t\t\t\t\tPopul\u00e6rt sp\u00f8rgsm\u00e5l\t\t\t\t<\/span>\n\t\t\t<\/div>\n\t\t\n\t\t<h3 class=\"pxl-item--title\" data-wow-delay=\"200ms\">\n\t\t\t\t\t\t\t\t<span class=\"pxl-item--text\">\n\t\t\t            <span class=\"pxl-text--slide\"><span class=\"wow letter\">Ofte<\/span><\/span> <span class=\"pxl-text--slide\"><span class=\"wow letter\">spurgte<\/span><\/span> <span class=\"pxl-text--slide\"><span class=\"wow letter\">sp\u00f8rgsm\u00e5l<\/span><\/span>\t\t\t        <\/span>\n\t\t\t\t\t\t\n\t\t<\/h3>\n\n\t\t\n\t\t\n\t\t\t\t\n\t<\/div>\n<\/div>\t\t\t\t<\/div>\n\t\t\t\t<\/div>\n\t\t        <section class=\"elementor-section elementor-inner-section elementor-element elementor-element-02edf2e elementor-section-boxed elementor-section-height-default elementor-section-height-default pxl-row-scroll-none pxl-bg-color-none pxl-section-overlay-none\" data-id=\"02edf2e\" data-element_type=\"section\">\n\n                \n                <div class=\"elementor-container elementor-column-gap-extended\">\n                <div class=\"elementor-column elementor-col-50 elementor-inner-column elementor-element elementor-element-3f70de4 pxl-column-none\" data-id=\"3f70de4\" data-element_type=\"column\">\r\n        <div class=\"elementor-widget-wrap elementor-element-populated\">\r\n                     \r\n        \t\t<div class=\"elementor-element elementor-element-0f4027b elementor-widget elementor-widget-pxl_accordion\" data-id=\"0f4027b\" data-element_type=\"widget\" data-widget_type=\"pxl_accordion.default\">\n\t\t\t\t<div class=\"elementor-widget-container\">\n\t\t\t\t\t    <div class=\"pxl-accordion pxl-accordion1 style2 wow fadeIn\" data-wow-delay=\"100ms\">\r\n                    <div class=\"pxl--item active\">\r\n                <h5 class=\"pxl-item--title\" data-target=\"#pxl_accordion-0f4027b-5200-39dd1ee\">\r\n                    <div class=\"pxl-content\">\r\n                                                <span class=\"pxl-item-number pxl-mr-20\">01<\/span>\r\n                        <span class=\"pxl-title--text\">Hvad er MOVE-tjenesten?<\/span>\r\n                    <\/div>\r\n                    <i class=\"caseicon-angle-arrow-down\"><\/i>\r\n                <\/h5>\r\n                <div id=\"pxl_accordion-0f4027b-5200-39dd1ee\" class=\"pxl-item--content\" style=\"display: block;\">Med MOVE kan du se de mest popul\u00e6re tv-kanaler, hundredvis af film, tv-serier og radiostationer fra Balkan. Det giver adgang til over 400 indenlandske kanaler og n\u00e6sten 200 internationale kanaler, inklusive voksenkanaler. Det har billeder i h\u00f8j kvalitet, mulighed for at g\u00e5 7 dage tilbage og adgang til tjenesten p\u00e5 flere enheder. Dette er blot nogle af funktionerne i MOVE-tjenesten. MOVE er beregnet til alle vores indbyggere i Skandinavien.<\/div>\r\n            <\/div>\r\n                    <div class=\"pxl--item\">\r\n                <h5 class=\"pxl-item--title\" data-target=\"#pxl_accordion-0f4027b-5200-72eab65\">\r\n                    <div class=\"pxl-content\">\r\n                                                <span class=\"pxl-item-number pxl-mr-20\">02<\/span>\r\n                        <span class=\"pxl-title--text\">Hvordan kan jeg betale og aktivere tjenesten?<\/span>\r\n                    <\/div>\r\n                    <i class=\"caseicon-angle-arrow-down\"><\/i>\r\n                <\/h5>\r\n                <div id=\"pxl_accordion-0f4027b-5200-72eab65\" class=\"pxl-item--content\" >Du kan abonnere p\u00e5 MOVE-tjenesten direkte p\u00e5 vores hjemmeside, eller en af vores operat\u00f8rer vil sende dig betalingsinstruktioner via Klarna, kreditkort (Visa, MasterCard osv.), PayPal, bankgirokonto, Apple Pay, Google Pay, SEPA-overf\u00f8rsel eller \u2013 hvis du bor i Sverige \u2013 via Swish.<\/div>\r\n            <\/div>\r\n                    <div class=\"pxl--item\">\r\n                <h5 class=\"pxl-item--title\" data-target=\"#pxl_accordion-0f4027b-5200-98fd88b\">\r\n                    <div class=\"pxl-content\">\r\n                                                <span class=\"pxl-item-number pxl-mr-20\">03<\/span>\r\n                        <span class=\"pxl-title--text\">Er der en kontraktlig forpligtelse?<\/span>\r\n                    <\/div>\r\n                    <i class=\"caseicon-angle-arrow-down\"><\/i>\r\n                <\/h5>\r\n                <div id=\"pxl_accordion-0f4027b-5200-98fd88b\" class=\"pxl-item--content\" >Der er ingen kontraktlig forpligtelse. MOVE er en forudbetalt tjeneste, hvilket betyder, at du betaler forud for den periode, du \u00f8nsker at bruge tjenesten.<\/div>\r\n            <\/div>\r\n            <\/div>\r\n\t\t\t\t<\/div>\n\t\t\t\t<\/div>\n\t\t            <\/div>\r\n        <\/div>\r\n                <div class=\"elementor-column elementor-col-50 elementor-inner-column elementor-element elementor-element-307d61c pxl-column-none\" data-id=\"307d61c\" data-element_type=\"column\">\r\n        <div class=\"elementor-widget-wrap elementor-element-populated\">\r\n                     \r\n        \t\t<div class=\"elementor-element elementor-element-258501f elementor-widget elementor-widget-pxl_accordion\" data-id=\"258501f\" data-element_type=\"widget\" data-widget_type=\"pxl_accordion.default\">\n\t\t\t\t<div class=\"elementor-widget-container\">\n\t\t\t\t\t    <div class=\"pxl-accordion pxl-accordion1 style2 wow fadeIn\" data-wow-delay=\"200ms\">\r\n                    <div class=\"pxl--item\">\r\n                <h5 class=\"pxl-item--title\" data-target=\"#pxl_accordion-258501f-8614-72eab65\">\r\n                    <div class=\"pxl-content\">\r\n                                                <span class=\"pxl-item-number pxl-mr-20\">07<\/span>\r\n                        <span class=\"pxl-title--text\">Hvad skal jeg g\u00f8re, hvis jeg har brug for hj\u00e6lp?<\/span>\r\n                    <\/div>\r\n                    <i class=\"caseicon-angle-arrow-down\"><\/i>\r\n                <\/h5>\r\n                <div id=\"pxl_accordion-258501f-8614-72eab65\" class=\"pxl-item--content\" >Hvis du har brug for hj\u00e6lp, kan du kontakte vores callcenter, som er \u00e5bent d\u00f8gnet rundt. Vores operat\u00f8rer hj\u00e6lper dig gerne med eventuelle sp\u00f8rgsm\u00e5l eller problemer relateret til tjenesten.<br \/>\nDu kan kontakte os via f\u00f8lgende metoder:<br \/>\n\ud83d\udcde Callcenter: +46 844 685 800<br \/>\n\ud83d\udcf1 Viber \/ WhatsApp: +46 73-738 83 80<br \/>\n\u2709\ufe0f E-mail: info@fasttelekom.com<br \/>\nVores support er altid tilg\u00e6ngelig, uanset hvor du er.<\/div>\r\n            <\/div>\r\n                    <div class=\"pxl--item\">\r\n                <h5 class=\"pxl-item--title\" data-target=\"#pxl_accordion-258501f-8614-98fd88b\">\r\n                    <div class=\"pxl-content\">\r\n                                                <span class=\"pxl-item-number pxl-mr-20\">08<\/span>\r\n                        <span class=\"pxl-title--text\">I hvilke lande er vores kanaler tilg\u00e6ngelige?<\/span>\r\n                    <\/div>\r\n                    <i class=\"caseicon-angle-arrow-down\"><\/i>\r\n                <\/h5>\r\n                <div id=\"pxl_accordion-258501f-8614-98fd88b\" class=\"pxl-item--content\" >Vi tilbyder vores service i hele Skandinavien (Sverige, Norge, Danmark og Finland), men n\u00e5r du abonnerer, kan du se kanalerne overalt i verden.<br \/>\nDet eneste krav er en stabil internetforbindelse.<\/div>\r\n            <\/div>\r\n                    <div class=\"pxl--item\">\r\n                <h5 class=\"pxl-item--title\" data-target=\"#pxl_accordion-258501f-8614-39dd1ee\">\r\n                    <div class=\"pxl-content\">\r\n                                                <span class=\"pxl-item-number pxl-mr-20\">06<\/span>\r\n                        <span class=\"pxl-title--text\">Hvad er PIN-koden til l\u00e5ste kanaler, og hvordan aktiverer jeg for\u00e6ldrekontrol?<\/span>\r\n                    <\/div>\r\n                    <i class=\"caseicon-angle-arrow-down\"><\/i>\r\n                <\/h5>\r\n                <div id=\"pxl_accordion-258501f-8614-39dd1ee\" class=\"pxl-item--content\" >PIN-koden er 1234.<br \/>\nFor\u00e6ldrekontrolfunktionen (l\u00e5sning af kanaler) giver dig mulighed for at begr\u00e6nse adgangen til bestemt indhold, der ikke er egnet for b\u00f8rn.<br \/>\nDu kan konfigurere for\u00e6ldrekontrol i afsnittet Indstillinger\/For\u00e6ldrekontrol.<\/div>\r\n            <\/div>\r\n            <\/div>\r\n\t\t\t\t<\/div>\n\t\t\t\t<\/div>\n\t\t            <\/div>\r\n        <\/div>\r\n        \t\t\t<\/div>\n\t\t<\/section>\n\t\t            <\/div>\r\n        <\/div>\r\n        \t\t\t<\/div>\n\t\t<\/section>\n\t\t\t\t<\/div>","protected":false},"excerpt":{"rendered":"<p>Popular question Frequently asked question 01 What is the MOVE service? MOVE allows you to watch the most popular TV channels, hundreds of movies, TV series, and radio stations from the Balkans. It offers access to over 400 domestic channels and nearly 200 international channels, including adult channels. It features high-quality images, the ability to [&hellip;]<\/p>","protected":false},"author":1,"featured_media":0,"parent":0,"menu_order":0,"comment_status":"closed","ping_status":"closed","template":"","meta":{"footnotes":""},"class_list":["post-39","page","type-page","status-publish","hentry"],"_links":{"self":[{"href":"https:\/\/fasttelekom.com\/da\/wp-json\/wp\/v2\/pages\/39","targetHints":{"allow":["GET"]}}],"collection":[{"href":"https:\/\/fasttelekom.com\/da\/wp-json\/wp\/v2\/pages"}],"about":[{"href":"https:\/\/fasttelekom.com\/da\/wp-json\/wp\/v2\/types\/page"}],"author":[{"embeddable":true,"href":"https:\/\/fasttelekom.com\/da\/wp-json\/wp\/v2\/users\/1"}],"replies":[{"embeddable":true,"href":"https:\/\/fasttelekom.com\/da\/wp-json\/wp\/v2\/comments?post=39"}],"version-history":[{"count":0,"href":"https:\/\/fasttelekom.com\/da\/wp-json\/wp\/v2\/pages\/39\/revisions"}],"wp:attachment":[{"href":"https:\/\/fasttelekom.com\/da\/wp-json\/wp\/v2\/media?parent=39"}],"curies":[{"name":"wp","href":"https:\/\/api.w.org\/{rel}","templated":true}]}}