{"id":8002,"date":"2025-11-12T21:05:40","date_gmt":"2025-11-12T21:05:40","guid":{"rendered":"https:\/\/fasttelekom.com\/?post_type=product&#038;p=8002"},"modified":"2025-11-12T21:05:41","modified_gmt":"2025-11-12T21:05:41","slug":"kodak-pixpro-wpz2-vattentat-digitalkamera-1080p","status":"publish","type":"product","link":"https:\/\/fasttelekom.com\/bs\/proizvod\/kodak-pixpro-wpz2-vattentat-digitalkamera-1080p\/","title":{"rendered":"Kodak Pixpro WPZ2 digitalna kamera, 1080p"},"content":{"rendered":"<p>Kodak Pixpro WPZ2 \u2013 en st\u00f6ts\u00e4ker och vattent\u00e4t digitalkamera som \u00e4r redo f\u00f6r alla dina \u00e4ventyr. F\u00f6reviga paddling, kl\u00e4ttring, cykling och andra tuffa aktiviteter p\u00e5 bild och film. Finns i flera f\u00e4rger.<\/p>\n<p>Vattent\u00e4t digitalkamera f\u00f6r dina undervatten\u00e4ventyr<br \/>\nKodak Pixpro WPZ2 \u00e4r vattent\u00e4t till ett djup p\u00e5 15 meter. Det betyder att du kan tappa den i vatten utan att den g\u00e5r s\u00f6nder. Den kan \u00e4ven fota och filma n\u00e4r du simmar, dyker, snorklar eller roar dig med andra vattenaktiviteter.<\/p>\n<p>St\u00f6ts\u00e4ker och damms\u00e4ker digitalkamera<br \/>\nPixpro WPZ2 klarar st\u00f6tar och fall fr\u00e5n 2 meters h\u00f6jd. Den \u00e4r damms\u00e4ker (IPX6) s\u00e5 att du kan f\u00f6reviga \u00e4ven tuffare \u00e4ventyr utan att oroa dig f\u00f6r en trasig kamera.<\/p>\n<p>Fota, filma, dela \u2013 WiFi-anslutning<br \/>\nKodak Pixpro WPZ2 har inbyggt WiFi \u2013 koppla enkelt ihop kompaktkameran med din smartphone eller surfplatta (iOS och Android). Fota eller filma och se dina bilder direkt p\u00e5 din digitala enhet f\u00f6r att bearbeta dina alster. L\u00e5t sedan dina v\u00e4nner, familj och f\u00f6ljare p\u00e5 sociala medier h\u00e4nga med p\u00e5 dina \u00e4ventyr i realtid.<\/p>\n<p>Skarpa bilder i alla l\u00e4gen<\/p>\n<ul>\n<li>Bildstabilisatorn ger skakningsfria bilder n\u00e4r du fotar och filmer i r\u00f6relse.<\/li>\n<li>4x optisk zoom och 6x digital zoom \u2013 zooma in f\u00f6r att f\u00e5nga detaljer utan att ge dig in i smeten.<\/li>\n<li>Fota allt fr\u00e5n vidvinkel till tele \u2013 motsvarande 35 till 108 mm.<\/li>\n<li>Blixt samt ISO upp till 3200 \u2013 klarar \u00e4ven av sv\u00e5rare ljusf\u00f6rh\u00e5llanden.<\/li>\n<li>Fota manuellt eller v\u00e4lj bland f\u00e4rdiga inst\u00e4llningar \u2013 Auto, P, M, Wi-Fi, SCN, Movie, Underwater.<\/li>\n<li>Ansiktsigenk\u00e4nning \u2013 automatisk sk\u00e4rpa p\u00e5 ansikten du vill f\u00f6reviga.<\/li>\n<li>Frys r\u00f6relse med snabb slutartid eller skapa en effekter med l\u00e5ng slutartid.\n<p>Tekniska specifikationer Kodak Pixpro WPZ2<\/li>\n<li>Sensor: CMOS<\/li>\n<li>Fotouppl\u00f6sning Max: 16MP<\/li>\n<li>Videouppl\u00f6sning Max: Full HD \u2013 1080p<\/li>\n<li>Zoom: 4x optisk, 6x digital<\/li>\n<li>Sk\u00e4rm: LCD 2,7&#8243;<\/li>\n<li>ISO: Auto, ISO 100\/200\/400\/800\/1600\/3200<\/li>\n<li>Blixt: Ja<\/li>\n<li>Bildstabilisator: Ja<\/li>\n<li>Ansiktsdetektering: Ja<\/li>\n<li>SCN MODES: Panorama, Children, Portrait, Night Portrait, Landscape, Sport, Sunset, Fireworks, Snow, Party, B Beach, Night Landscape, Glass, Panning Shot, Indoor, Leaf, Museum, Image Stabilization<\/li>\n<li>Internminne: 8 MB<\/li>\n<li>Externt minne: microSDHC-kort (upp till 32 GB st\u00f6d\/klass 4 eller h\u00f6gre)<\/li>\n<li>Litiumjonbatteri<\/li>\n<li>M\u00e5tt: 103,2 \u00d7 66,7 \u00d7 52,4 mm<\/li>\n<li>Vikt: 176 gram<\/li>\n<\/ul>","protected":false},"excerpt":{"rendered":"<ul class=\"product__productFeatures\">\n<li>\u00a0F\u00f6reviga dina \u00e4ventyr p\u00e5 land och i vatten \u2013 st\u00f6ts\u00e4ker, dammt\u00e4t, vattent\u00e4t.<\/li>\n<li>\u00a0Kodak Pixpro WPZ2 \u2013 kompakt digitalkamera med 4x optisk och 6x digital zoom.<\/li>\n<li>\u00a0Fota och filma med 16 MP\/1080p HD-video, ladda till mobilen via WiFi och dela.<\/li>\n<li>\u00a0En trogen f\u00f6ljeslagare vid cykling, kajakturer, snorkel\u00e4ventyr, bergskl\u00e4ttring m.m.<\/li>\n<li>\u00a0Levereras med handledsrem, USB-kabel och n\u00e4tadapter. Finns i flera f\u00e4rger.<\/li>\n<\/ul>","protected":false},"featured_media":8005,"comment_status":"open","ping_status":"closed","template":"","meta":[],"product_brand":[70],"product_cat":[41],"product_tag":[71],"class_list":{"0":"post-8002","1":"product","2":"type-product","3":"status-publish","4":"has-post-thumbnail","6":"product_brand-kodak-pixpro","7":"product_cat-digital-cameras","8":"product_tag-digital-camera","10":"first","11":"outofstock","12":"taxable","13":"shipping-taxable","14":"purchasable","15":"product-type-simple"},"_links":{"self":[{"href":"https:\/\/fasttelekom.com\/bs\/wp-json\/wp\/v2\/product\/8002","targetHints":{"allow":["GET"]}}],"collection":[{"href":"https:\/\/fasttelekom.com\/bs\/wp-json\/wp\/v2\/product"}],"about":[{"href":"https:\/\/fasttelekom.com\/bs\/wp-json\/wp\/v2\/types\/product"}],"replies":[{"embeddable":true,"href":"https:\/\/fasttelekom.com\/bs\/wp-json\/wp\/v2\/comments?post=8002"}],"version-history":[{"count":0,"href":"https:\/\/fasttelekom.com\/bs\/wp-json\/wp\/v2\/product\/8002\/revisions"}],"wp:featuredmedia":[{"embeddable":true,"href":"https:\/\/fasttelekom.com\/bs\/wp-json\/wp\/v2\/media\/8005"}],"wp:attachment":[{"href":"https:\/\/fasttelekom.com\/bs\/wp-json\/wp\/v2\/media?parent=8002"}],"wp:term":[{"taxonomy":"product_brand","embeddable":true,"href":"https:\/\/fasttelekom.com\/bs\/wp-json\/wp\/v2\/product_brand?post=8002"},{"taxonomy":"product_cat","embeddable":true,"href":"https:\/\/fasttelekom.com\/bs\/wp-json\/wp\/v2\/product_cat?post=8002"},{"taxonomy":"product_tag","embeddable":true,"href":"https:\/\/fasttelekom.com\/bs\/wp-json\/wp\/v2\/product_tag?post=8002"}],"curies":[{"name":"wp","href":"https:\/\/api.w.org\/{rel}","templated":true}]}}